{"id":73,"date":"2010-09-16T12:15:23","date_gmt":"2010-09-16T12:15:23","guid":{"rendered":"http:\/\/www.nicolasferet.com\/wordpress\/?page_id=73"},"modified":"2016-11-30T14:35:45","modified_gmt":"2016-11-30T12:35:45","slug":"macro","status":"publish","type":"page","link":"https:\/\/www.nicolasferet.com\/?page_id=73","title":{"rendered":"Macrophotographie"},"content":{"rendered":"<div class=\"fusion-fullwidth fullwidth-box fusion-builder-row-1 hundred-percent-fullwidth non-hundred-percent-height-scrolling\" style=\"--awb-border-radius-top-left:0px;--awb-border-radius-top-right:0px;--awb-border-radius-bottom-right:0px;--awb-border-radius-bottom-left:0px;--awb-overflow:visible;\" ><div class=\"fusion-builder-row fusion-row\"><div class=\"fusion-layout-column fusion_builder_column fusion-builder-column-0 fusion_builder_column_1_1 1_1 fusion-one-full fusion-column-first fusion-column-last fusion-column-no-min-height\" style=\"--awb-bg-size:cover;--awb-margin-bottom:0px;\"><div class=\"fusion-column-wrapper fusion-flex-column-wrapper-legacy\">\n\t\t<style type=\"text\/css\">\n\t\t\t#gallery-1 {\n\t\t\t\tmargin: auto;\n\t\t\t}\n\t\t\t#gallery-1 .gallery-item {\n\t\t\t\tfloat: left;\n\t\t\t\tmargin-top: 10px;\n\t\t\t\ttext-align: center;\n\t\t\t\twidth: 33%;\n\t\t\t}\n\t\t\t#gallery-1 img {\n\t\t\t\tborder: 2px solid #cfcfcf;\n\t\t\t}\n\t\t\t#gallery-1 .gallery-caption {\n\t\t\t\tmargin-left: 0;\n\t\t\t}\n\t\t\t\/* see gallery_shortcode() in wp-includes\/media.php *\/\n\t\t<\/style>\n\t\t<div id='gallery-1' class='gallery galleryid-73 gallery-columns-3 gallery-size-thumbnail'><dl class='gallery-item'>\n\t\t\t<dt class='gallery-icon landscape'>\n\t\t\t\t<a data-rel=\"iLightbox[postimages]\" data-title=\"Libellule \u00e0 l&#8217;Arboretum d&#8217;Aubonne\" data-caption=\"\" href='https:\/\/www.nicolasferet.com\/blog\/wp-content\/uploads\/2010\/09\/40796_418307797295_680797295_4484456_1778516_n.jpg'><img width=\"150\" height=\"148\" src=\"https:\/\/www.nicolasferet.com\/blog\/wp-content\/uploads\/2010\/09\/40796_418307797295_680797295_4484456_1778516_n-e1286393870449-150x148.jpg\" class=\"attachment-thumbnail size-thumbnail\" alt=\"Copyright - Nicolas Feret\" decoding=\"async\" \/><\/a>\n\t\t\t<\/dt><\/dl><dl class='gallery-item'>\n\t\t\t<dt class='gallery-icon landscape'>\n\t\t\t\t<a data-rel=\"iLightbox[postimages]\" data-title=\"Mouche \u00e0 l&#8217;Arboretum d&#8217;Aubonne\" data-caption=\"\" href='https:\/\/www.nicolasferet.com\/blog\/wp-content\/uploads\/2010\/09\/Fly-redeyespng1.png'><img width=\"150\" height=\"150\" src=\"https:\/\/www.nicolasferet.com\/blog\/wp-content\/uploads\/2010\/09\/Fly-redeyespng1-150x150.png\" class=\"attachment-thumbnail size-thumbnail\" alt=\"\" decoding=\"async\" \/><\/a>\n\t\t\t<\/dt><\/dl><dl class='gallery-item'>\n\t\t\t<dt class='gallery-icon landscape'>\n\t\t\t\t<a data-rel=\"iLightbox[postimages]\" data-title=\"Lilly\" data-caption=\"\" href='https:\/\/www.nicolasferet.com\/blog\/wp-content\/uploads\/2010\/09\/Lilly1.png'><img width=\"150\" height=\"150\" src=\"https:\/\/www.nicolasferet.com\/blog\/wp-content\/uploads\/2010\/09\/Lilly1-e1325504296529-150x150.png\" class=\"attachment-thumbnail size-thumbnail\" alt=\"\" decoding=\"async\" \/><\/a>\n\t\t\t<\/dt><\/dl><br style=\"clear: both\" \/>\n\t\t<\/div>\n\n[clear \/]\n<p>Ce workshop, r\u00e9solument orient\u00e9 pratique, vous apprendra \u00e0 contr\u00f4ler tous les param\u00e8tres pour r\u00e9aliser de magnifiques images \u00ab\u00a0macros\u00a0\u00bb. D\u00e9couvrez les astuces et techniques des professionnels qui vous serviront lors de vos prochaines sorties macros mais \u00e9galement pour tout autre type de prise de vue.<\/p>\n[clear \/]\n<div class=\"fusion-panel panel-default panel-ae53d0df0fa130573 fusion-toggle-has-divider\"><div class=\"panel-heading\"><h4 class=\"panel-title toggle\" id=\"toggle_ae53d0df0fa130573\"><a aria-expanded=\"false\" aria-controls=\"ae53d0df0fa130573\" role=\"button\" data-toggle=\"collapse\" data-parent=\"#accordion-73-1\" data-target=\"#ae53d0df0fa130573\" href=\"#ae53d0df0fa130573\"><span class=\"fusion-toggle-icon-wrapper\" aria-hidden=\"true\"><i class=\"fa-fusion-box active-icon \" aria-hidden=\"true\"><\/i><i class=\"fa-fusion-box inactive-icon \" aria-hidden=\"true\"><\/i><\/span><span class=\"fusion-toggle-heading\">Qu\u2019est ce que la macrophotographie?<\/span><\/a><\/h4><\/div><div id=\"ae53d0df0fa130573\" class=\"panel-collapse collapse \" aria-labelledby=\"toggle_ae53d0df0fa130573\"><div class=\"panel-body toggle-content fusion-clearfix\">La macrophotographie est l\u2019ensemble des techniques photographiques permettant de photographier des sujets de petite taille (fleurs, insectes, textures, etc). Et comme une image vaut souvent mieux qu\u2019un long discours, je vous invite \u00e0 parcourir mon portfolio:\u00a0<a title=\"Nicolas Feret's porfolio\" href=\"http:\/\/www.nicolasferet.com\/portfolio\/\" target=\"_blank\">cliquez-ici<\/a>.<\/div><\/div><\/div>\n<div class=\"fusion-panel panel-default panel-548dfbf6e2fef1281 fusion-toggle-has-divider\"><div class=\"panel-heading\"><h4 class=\"panel-title toggle\" id=\"toggle_548dfbf6e2fef1281\"><a aria-expanded=\"false\" aria-controls=\"548dfbf6e2fef1281\" role=\"button\" data-toggle=\"collapse\" data-parent=\"#accordion-73-1\" data-target=\"#548dfbf6e2fef1281\" href=\"#548dfbf6e2fef1281\"><span class=\"fusion-toggle-icon-wrapper\" aria-hidden=\"true\"><i class=\"fa-fusion-box active-icon \" aria-hidden=\"true\"><\/i><i class=\"fa-fusion-box inactive-icon \" aria-hidden=\"true\"><\/i><\/span><span class=\"fusion-toggle-heading\">Contenu du cours: Macrophotographie <\/span><\/a><\/h4><\/div><div id=\"548dfbf6e2fef1281\" class=\"panel-collapse collapse \" aria-labelledby=\"toggle_548dfbf6e2fef1281\"><div class=\"panel-body toggle-content fusion-clearfix\">Apr\u00e8s une introduction th\u00e9orique qui se fera sur le terrain (triangle d\u2019exposition, profondeur de champ, mat\u00e9riel et principe de composition)\u00a0; nous passerons \u00e0 la partie dite pratique o\u00f9 vous serez \u00e0 m\u00eame d\u2019appliquer directement la th\u00e9orie enseign\u00e9e. Je vous suivrai tout au long du workshop pour m\u2019assurer que la th\u00e9orie et la technique soient bien assimil\u00e9es et correctement appliqu\u00e9es.<\/div><\/div><\/div>\n<div class=\"fusion-panel panel-default panel-6fb2ffdfda212b8e7 fusion-toggle-has-divider\"><div class=\"panel-heading\"><h4 class=\"panel-title toggle\" id=\"toggle_6fb2ffdfda212b8e7\"><a aria-expanded=\"false\" aria-controls=\"6fb2ffdfda212b8e7\" role=\"button\" data-toggle=\"collapse\" data-parent=\"#accordion-73-1\" data-target=\"#6fb2ffdfda212b8e7\" href=\"#6fb2ffdfda212b8e7\"><span class=\"fusion-toggle-icon-wrapper\" aria-hidden=\"true\"><i class=\"fa-fusion-box active-icon \" aria-hidden=\"true\"><\/i><i class=\"fa-fusion-box inactive-icon \" aria-hidden=\"true\"><\/i><\/span><span class=\"fusion-toggle-heading\">A qui s\u2019adresse ce cours? De quel mat\u00e9riel avez-vous besoin?<\/span><\/a><\/h4><\/div><div id=\"6fb2ffdfda212b8e7\" class=\"panel-collapse collapse \" aria-labelledby=\"toggle_6fb2ffdfda212b8e7\"><div class=\"panel-body toggle-content fusion-clearfix\">A tous les passionn\u00e9s qui d\u00e9sirent d\u00e9couvrir la macrophotographie ou tout simplement approfondir leurs connaissances de mani\u00e8re ludique. Il est utile d\u2019avoir quelques notions de photographies, mais ce n\u2019est en aucun cas indispensable. Nous reviendrons de toute fa\u00e7on sur les bases lors de la partie th\u00e9orique. N\u2019h\u00e9sitez pas \u00e0 me contacter si vous d\u00e9sirez savoir si votre niveau ou \u00e9quipement sont suffisants\u00a0<a href=\"mailto:info@nicolasferet.com\" target=\"_blank\">info@nicolasferet.com<\/a>.<\/p>\n<p>M\u00eame si il est pr\u00e9f\u00e9rable d\u2019\u00eatre \u00e9quip\u00e9 d\u2019un appareil reflex et d\u2019un objectif d\u00e9di\u00e9 \u00e0 la macro (ou avec la fonction macro\/proxy), filtres macro\/close-up ou autres tubes d&#8217;extension ; rien ne vous emp\u00eache de venir d\u00e9couvrir les trucs et astuces de ce domaine passionnant avec un appareil bridge ou compact\u2026 Cela vous d\u00e9cidera certainement pour l\u2019achat de mat\u00e9riel d\u00e9di\u00e9 \u00e0 la macrophotographie\u2026<\/div><\/div><\/div>\n<div class=\"fusion-panel panel-default panel-d7dc0bc843abf5fb9 fusion-toggle-has-divider\"><div class=\"panel-heading\"><h4 class=\"panel-title toggle\" id=\"toggle_d7dc0bc843abf5fb9\"><a aria-expanded=\"false\" aria-controls=\"d7dc0bc843abf5fb9\" role=\"button\" data-toggle=\"collapse\" data-parent=\"#accordion-73-1\" data-target=\"#d7dc0bc843abf5fb9\" href=\"#d7dc0bc843abf5fb9\"><span class=\"fusion-toggle-icon-wrapper\" aria-hidden=\"true\"><i class=\"fa-fusion-box active-icon \" aria-hidden=\"true\"><\/i><i class=\"fa-fusion-box inactive-icon \" aria-hidden=\"true\"><\/i><\/span><span class=\"fusion-toggle-heading\">Nombre de participants<\/span><\/a><\/h4><\/div><div id=\"d7dc0bc843abf5fb9\" class=\"panel-collapse collapse \" aria-labelledby=\"toggle_d7dc0bc843abf5fb9\"><div class=\"panel-body toggle-content fusion-clearfix\">Le nombre de participants pour ce cours est limit\u00e9 (de trois \u00e0 huit personnes maximum). Cela me permet de dispenser la formation \u00e0 tout le monde de mani\u00e8re ad\u00e9quate.<\/div><\/div><\/div>\n<div class=\"fusion-panel panel-default panel-83ff01eb8a2040113 fusion-toggle-has-divider\"><div class=\"panel-heading\"><h4 class=\"panel-title toggle\" id=\"toggle_83ff01eb8a2040113\"><a aria-expanded=\"false\" aria-controls=\"83ff01eb8a2040113\" role=\"button\" data-toggle=\"collapse\" data-parent=\"#accordion-73-1\" data-target=\"#83ff01eb8a2040113\" href=\"#83ff01eb8a2040113\"><span class=\"fusion-toggle-icon-wrapper\" aria-hidden=\"true\"><i class=\"fa-fusion-box active-icon \" aria-hidden=\"true\"><\/i><i class=\"fa-fusion-box inactive-icon \" aria-hidden=\"true\"><\/i><\/span><span class=\"fusion-toggle-heading\">Vous pr\u00e9f\u00e9rez avoir un cours particulier?<\/span><\/a><\/h4><\/div><div id=\"83ff01eb8a2040113\" class=\"panel-collapse collapse \" aria-labelledby=\"toggle_83ff01eb8a2040113\"><div class=\"panel-body toggle-content fusion-clearfix\"> Il m&#8217;est \u00e9galement possible de donner cette formation en individuel (one-on-one) ou pour deux personnes. Prix et infos sur demande:\u00a0<a href=\"mailto:info@nicolasferet.com\" target=\"_blank\">info@nicolasferet.com<\/a>.<\/div><\/div><\/div>\n<div class=\"fusion-panel panel-default panel-ece5cbb5e270a6977 fusion-toggle-has-divider\"><div class=\"panel-heading\"><h4 class=\"panel-title toggle\" id=\"toggle_ece5cbb5e270a6977\"><a aria-expanded=\"false\" aria-controls=\"ece5cbb5e270a6977\" role=\"button\" data-toggle=\"collapse\" data-parent=\"#accordion-73-1\" data-target=\"#ece5cbb5e270a6977\" href=\"#ece5cbb5e270a6977\"><span class=\"fusion-toggle-icon-wrapper\" aria-hidden=\"true\"><i class=\"fa-fusion-box active-icon \" aria-hidden=\"true\"><\/i><i class=\"fa-fusion-box inactive-icon \" aria-hidden=\"true\"><\/i><\/span><span class=\"fusion-toggle-heading\">A quel endroit le workshop se d\u00e9roule-t'il?<\/span><\/a><\/h4><\/div><div id=\"ece5cbb5e270a6977\" class=\"panel-collapse collapse \" aria-labelledby=\"toggle_ece5cbb5e270a6977\"><div class=\"panel-body toggle-content fusion-clearfix\">Ce cours a lieu dans diff\u00e9rents lieux suivant la saison: Arboretum d\u2019Aubonne, Papilliorama de Kerzers, Jardin Botanique de Gen\u00e8ve ou encore par exemple \u00e0 Morges lors de la F\u00eate de la Tulipe. Plus de pr\u00e9cisions sur la page d\u00e9di\u00e9e \u00e0 l\u2019inscription.<\/div><\/div><\/div>\n<div class=\"fusion-panel panel-default panel-b6d747aa231a514ac fusion-toggle-has-divider\"><div class=\"panel-heading\"><h4 class=\"panel-title toggle\" id=\"toggle_b6d747aa231a514ac\"><a aria-expanded=\"false\" aria-controls=\"b6d747aa231a514ac\" role=\"button\" data-toggle=\"collapse\" data-parent=\"#accordion-73-1\" data-target=\"#b6d747aa231a514ac\" href=\"#b6d747aa231a514ac\"><span class=\"fusion-toggle-icon-wrapper\" aria-hidden=\"true\"><i class=\"fa-fusion-box active-icon \" aria-hidden=\"true\"><\/i><i class=\"fa-fusion-box inactive-icon \" aria-hidden=\"true\"><\/i><\/span><span class=\"fusion-toggle-heading\">Combien co\u00fbte le workshop?<\/span><\/a><\/h4><\/div><div id=\"b6d747aa231a514ac\" class=\"panel-collapse collapse \" aria-labelledby=\"toggle_b6d747aa231a514ac\"><div class=\"panel-body toggle-content fusion-clearfix\"><strong>CHF 150.\u2013<\/strong>\u00a0par personne + Support de cours couleurs PDF inclus.<br \/>\n<strong>CHF 280.\u2013\u00a0<\/strong>pour deux personnes inscrites en m\u00eame temps =\u00a0<strong>CHF 140.-<\/strong>\/personne<br \/>\n<strong>CHF 260.\u2013<\/strong>\u00a0pour trois personnes inscrites en m\u00eame temps =\u00a0<strong>CHF 130.-<\/strong>\/personne<\/div><\/div><\/div>\n[clear \/]\n<h3>D\u00e9couvrez ci-dessous la liste de toutes les prochaines formations et choisissez &#8220;Macrophotographie&#8221; si ce cours vous int\u00e9resse.<\/h3>\n[events_list]<div class=\"fusion-clearfix\"><\/div><\/div><\/div><\/div><\/div>\n","protected":false},"excerpt":{"rendered":"","protected":false},"author":2,"featured_media":0,"parent":11,"menu_order":2,"comment_status":"closed","ping_status":"closed","template":"","meta":[],"_links":{"self":[{"href":"https:\/\/www.nicolasferet.com\/index.php?rest_route=\/wp\/v2\/pages\/73"}],"collection":[{"href":"https:\/\/www.nicolasferet.com\/index.php?rest_route=\/wp\/v2\/pages"}],"about":[{"href":"https:\/\/www.nicolasferet.com\/index.php?rest_route=\/wp\/v2\/types\/page"}],"author":[{"embeddable":true,"href":"https:\/\/www.nicolasferet.com\/index.php?rest_route=\/wp\/v2\/users\/2"}],"replies":[{"embeddable":true,"href":"https:\/\/www.nicolasferet.com\/index.php?rest_route=%2Fwp%2Fv2%2Fcomments&post=73"}],"version-history":[{"count":67,"href":"https:\/\/www.nicolasferet.com\/index.php?rest_route=\/wp\/v2\/pages\/73\/revisions"}],"predecessor-version":[{"id":1840,"href":"https:\/\/www.nicolasferet.com\/index.php?rest_route=\/wp\/v2\/pages\/73\/revisions\/1840"}],"up":[{"embeddable":true,"href":"https:\/\/www.nicolasferet.com\/index.php?rest_route=\/wp\/v2\/pages\/11"}],"wp:attachment":[{"href":"https:\/\/www.nicolasferet.com\/index.php?rest_route=%2Fwp%2Fv2%2Fmedia&parent=73"}],"curies":[{"name":"wp","href":"https:\/\/api.w.org\/{rel}","templated":true}]}}