{"id":548,"date":"2011-02-01T16:55:53","date_gmt":"2011-02-01T14:55:53","guid":{"rendered":"http:\/\/www.nicolasferet.com\/blog\/?page_id=548"},"modified":"2016-11-30T14:35:44","modified_gmt":"2016-11-30T12:35:44","slug":"photoshop-les-bases-101","status":"publish","type":"page","link":"https:\/\/www.nicolasferet.com\/?page_id=548","title":{"rendered":"La retouche photo simplifi\u00e9e"},"content":{"rendered":"<p>Cette formation, donn\u00e9e en priv\u00e9 ou semi-priv\u00e9,\u00a0est d\u00e9di\u00e9e \u00e0 toutes les personnes qui d\u00e9sirent apprendre \u00e0 retoucher leurs photos. Vous allez d\u00e9couvrir les bases du programme Adobe Photoshop qui est la r\u00e9f\u00e9rence dans le traitement d&#8217;image. Apprenez des techniques de retouche simplifi\u00e9es qui vous permettront d&#8217;am\u00e9liorer toutes vos images dans un temps record. Am\u00e9liorez ainsi toutes vos photos souvenirs et ne soyez plus d\u00e9\u00e7us du r\u00e9sultat quand vous envoyez vos photographies au labo.<br \/>\n<div class=\"fusion-fullwidth fullwidth-box fusion-builder-row-1 hundred-percent-fullwidth non-hundred-percent-height-scrolling\" style=\"--awb-border-radius-top-left:0px;--awb-border-radius-top-right:0px;--awb-border-radius-bottom-right:0px;--awb-border-radius-bottom-left:0px;--awb-overflow:visible;\" ><div class=\"fusion-builder-row fusion-row\"><div class=\"fusion-layout-column fusion_builder_column fusion-builder-column-0 fusion_builder_column_1_1 1_1 fusion-one-full fusion-column-first fusion-column-last fusion-column-no-min-height\" style=\"--awb-bg-size:cover;--awb-margin-bottom:0px;\"><div class=\"fusion-column-wrapper fusion-flex-column-wrapper-legacy\">[clear \/]\n<div class=\"fusion-panel panel-default panel-4de9625a25827c495 fusion-toggle-has-divider\"><div class=\"panel-heading\"><h4 class=\"panel-title toggle\" id=\"toggle_4de9625a25827c495\"><a aria-expanded=\"false\" aria-controls=\"4de9625a25827c495\" role=\"button\" data-toggle=\"collapse\" data-parent=\"#accordion-548-1\" data-target=\"#4de9625a25827c495\" href=\"#4de9625a25827c495\"><span class=\"fusion-toggle-icon-wrapper\" aria-hidden=\"true\"><i class=\"fa-fusion-box active-icon \" aria-hidden=\"true\"><\/i><i class=\"fa-fusion-box inactive-icon \" aria-hidden=\"true\"><\/i><\/span><span class=\"fusion-toggle-heading\">Contenu du cours: La retouche photo simplifi\u00e9e<\/span><\/a><\/h4><\/div><div id=\"4de9625a25827c495\" class=\"panel-collapse collapse \" aria-labelledby=\"toggle_4de9625a25827c495\"><div class=\"panel-body toggle-content fusion-clearfix\">La formation dure environ 3 heures suivant les questions et sujets que l&#8217;on d\u00e9veloppe. Nous traiterons entre autres les sujets suivants:<\/p>\n[list type=&#8221;default&#8221; divider=&#8221;false&#8221; color=&#8221;blue&#8221;] [li]D\u00e9couvrir l\u2019interface et les outils principaux[\/li] [li]Choisir la r\u00e9solution et taille d\u2019image[\/li] [li]G\u00e9rer les couleurs (mode et profils)[\/li] [li]Les techniques de s\u00e9lection[\/li] [li]Comment corriger les couleurs[\/li] [li]Les principaux modes de fusion[\/li] [li]Pourquoi et comment utiliser les calques de r\u00e9glages[\/li] [li]Pr\u00e9sentation des principaux outils de retouche[\/li] [li]Utiliser des masques simples[\/li] [li]Ajouter du texte[\/li][\/list]\n<\/div><\/div><\/div>\n<div class=\"fusion-panel panel-default panel-4b5026c650fa7bbda fusion-toggle-has-divider\"><div class=\"panel-heading\"><h4 class=\"panel-title toggle\" id=\"toggle_4b5026c650fa7bbda\"><a aria-expanded=\"false\" aria-controls=\"4b5026c650fa7bbda\" role=\"button\" data-toggle=\"collapse\" data-parent=\"#accordion-548-1\" data-target=\"#4b5026c650fa7bbda\" href=\"#4b5026c650fa7bbda\"><span class=\"fusion-toggle-icon-wrapper\" aria-hidden=\"true\"><i class=\"fa-fusion-box active-icon \" aria-hidden=\"true\"><\/i><i class=\"fa-fusion-box inactive-icon \" aria-hidden=\"true\"><\/i><\/span><span class=\"fusion-toggle-heading\">A qui s\u2019adresse ce cours ?<\/span><\/a><\/h4><\/div><div id=\"4b5026c650fa7bbda\" class=\"panel-collapse collapse \" aria-labelledby=\"toggle_4b5026c650fa7bbda\"><div class=\"panel-body toggle-content fusion-clearfix\">Cette formation s&#8217;adresse aux personnes qui d\u00e9sirent apprendre \u00e0 retoucher leurs photos en utilisant les meilleures outils et techniques du moment.<\/div><\/div><\/div>\n<div class=\"fusion-panel panel-default panel-e0042c3dac2dc4827 fusion-toggle-has-divider\"><div class=\"panel-heading\"><h4 class=\"panel-title toggle\" id=\"toggle_e0042c3dac2dc4827\"><a aria-expanded=\"false\" aria-controls=\"e0042c3dac2dc4827\" role=\"button\" data-toggle=\"collapse\" data-parent=\"#accordion-548-1\" data-target=\"#e0042c3dac2dc4827\" href=\"#e0042c3dac2dc4827\"><span class=\"fusion-toggle-icon-wrapper\" aria-hidden=\"true\"><i class=\"fa-fusion-box active-icon \" aria-hidden=\"true\"><\/i><i class=\"fa-fusion-box inactive-icon \" aria-hidden=\"true\"><\/i><\/span><span class=\"fusion-toggle-heading\">De quel mat\u00e9riel avez-vous besoin?<\/span><\/a><\/h4><\/div><div id=\"e0042c3dac2dc4827\" class=\"panel-collapse collapse \" aria-labelledby=\"toggle_e0042c3dac2dc4827\"><div class=\"panel-body toggle-content fusion-clearfix\">Vous n&#8217;avez besoin d&#8217;aucun mat\u00e9riel pour suivre ce cours, c&#8217;est un cours de th\u00e9orie appliqu\u00e9e (donc tr\u00e8s orient\u00e9 pratique). Mais rien ne vous emp\u00eache de venir avec votre laptop afin de mieux assimiler la th\u00e9orie&#8230; Ce cours est donn\u00e9 sur la base du logiciel Adobe Photoshop \/ Camera Raw. Il est n\u00e9anmoins applicable sur tous les logiciels standards de retouche d&#8217;images qui ont des fonctionnalit\u00e9s similaires.<\/div><\/div><\/div>\n<div class=\"fusion-panel panel-default panel-054c50153401cdf15 fusion-toggle-has-divider\"><div class=\"panel-heading\"><h4 class=\"panel-title toggle\" id=\"toggle_054c50153401cdf15\"><a aria-expanded=\"false\" aria-controls=\"054c50153401cdf15\" role=\"button\" data-toggle=\"collapse\" data-parent=\"#accordion-548-1\" data-target=\"#054c50153401cdf15\" href=\"#054c50153401cdf15\"><span class=\"fusion-toggle-icon-wrapper\" aria-hidden=\"true\"><i class=\"fa-fusion-box active-icon \" aria-hidden=\"true\"><\/i><i class=\"fa-fusion-box inactive-icon \" aria-hidden=\"true\"><\/i><\/span><span class=\"fusion-toggle-heading\">Nombre de participants?<\/span><\/a><\/h4><\/div><div id=\"054c50153401cdf15\" class=\"panel-collapse collapse \" aria-labelledby=\"toggle_054c50153401cdf15\"><div class=\"panel-body toggle-content fusion-clearfix\">Ce cours est donn\u00e9e en priv\u00e9 ou semi-priv\u00e9 (1 \u00e0 3 personnes qui s&#8217;inscrivent ensemble). Cela me permet de dispenser la formation de mani\u00e8re ad\u00e9quate.<\/div><\/div><\/div>\n<div class=\"fusion-panel panel-default panel-761c398fd1679dfcd fusion-toggle-has-divider\"><div class=\"panel-heading\"><h4 class=\"panel-title toggle\" id=\"toggle_761c398fd1679dfcd\"><a aria-expanded=\"false\" aria-controls=\"761c398fd1679dfcd\" role=\"button\" data-toggle=\"collapse\" data-parent=\"#accordion-548-1\" data-target=\"#761c398fd1679dfcd\" href=\"#761c398fd1679dfcd\"><span class=\"fusion-toggle-icon-wrapper\" aria-hidden=\"true\"><i class=\"fa-fusion-box active-icon \" aria-hidden=\"true\"><\/i><i class=\"fa-fusion-box inactive-icon \" aria-hidden=\"true\"><\/i><\/span><span class=\"fusion-toggle-heading\">A quel endroit le cours se d\u00e9roule-t'il?<\/span><\/a><\/h4><\/div><div id=\"761c398fd1679dfcd\" class=\"panel-collapse collapse \" aria-labelledby=\"toggle_761c398fd1679dfcd\"><div class=\"panel-body toggle-content fusion-clearfix\">La formation se d\u00e9roule g\u00e9n\u00e9ralement \u00e0 Gland. Je peux n\u00e9anmoins me d\u00e9placer entre Gen\u00e8ve et Lausanne pour dispenser la formation. Il est imp\u00e9ratif que le lieu soit calme et \u00e9quip\u00e9 d&#8217;une connection internet d\u00e9cente. Il faut ajouter au prix de la formation des frais de d\u00e9placement (offert entre Nyon et Rolle).<\/div><\/div><\/div>\n<div class=\"fusion-panel panel-default panel-eb650d5a91a7607c3 fusion-toggle-has-divider\"><div class=\"panel-heading\"><h4 class=\"panel-title toggle\" id=\"toggle_eb650d5a91a7607c3\"><a aria-expanded=\"false\" aria-controls=\"eb650d5a91a7607c3\" role=\"button\" data-toggle=\"collapse\" data-parent=\"#accordion-548-1\" data-target=\"#eb650d5a91a7607c3\" href=\"#eb650d5a91a7607c3\"><span class=\"fusion-toggle-icon-wrapper\" aria-hidden=\"true\"><i class=\"fa-fusion-box active-icon \" aria-hidden=\"true\"><\/i><i class=\"fa-fusion-box inactive-icon \" aria-hidden=\"true\"><\/i><\/span><span class=\"fusion-toggle-heading\">Combien co\u00fbte la formation?<\/span><\/a><\/h4><\/div><div id=\"eb650d5a91a7607c3\" class=\"panel-collapse collapse \" aria-labelledby=\"toggle_eb650d5a91a7607c3\"><div class=\"panel-body toggle-content fusion-clearfix\">Prix de la formation et infos compl\u00e9mentaires sur demande: <a href=\"mailto:info@nicolasferet.com\">info@nicolasferet.com<\/a>. Rabais int\u00e9ressant pour groupe de 2 ou 3 personnes.<\/div><\/div><\/div>\n[clear \/]\n<h3>D\u00e9couvrez ci-dessous la liste de toutes les prochaines formations et workshops:<\/h3>\n[events_list]<div class=\"fusion-clearfix\"><\/div><\/div><\/div><\/div><\/div><\/p>\n","protected":false},"excerpt":{"rendered":"<p>Cette formation, donn\u00e9e en priv\u00e9 ou semi-priv\u00e9,\u00a0est d\u00e9di\u00e9e \u00e0 toutes les personnes qui d\u00e9sirent apprendre \u00e0 retoucher leurs photos. Vous allez d\u00e9couvrir les bases du programme Adobe Photoshop qui est la r\u00e9f\u00e9rence dans le traitement d&#8217;image. Apprenez des techniques de retouche simplifi\u00e9es qui vous permettront d&#8217;am\u00e9liorer toutes vos images dans un temps record. Am\u00e9liorez ainsi toutes vos photos souvenirs et ne soyez plus d\u00e9\u00e7us du [&hellip;]<\/p>\n","protected":false},"author":2,"featured_media":0,"parent":11,"menu_order":0,"comment_status":"closed","ping_status":"open","template":"","meta":[],"_links":{"self":[{"href":"https:\/\/www.nicolasferet.com\/index.php?rest_route=\/wp\/v2\/pages\/548"}],"collection":[{"href":"https:\/\/www.nicolasferet.com\/index.php?rest_route=\/wp\/v2\/pages"}],"about":[{"href":"https:\/\/www.nicolasferet.com\/index.php?rest_route=\/wp\/v2\/types\/page"}],"author":[{"embeddable":true,"href":"https:\/\/www.nicolasferet.com\/index.php?rest_route=\/wp\/v2\/users\/2"}],"replies":[{"embeddable":true,"href":"https:\/\/www.nicolasferet.com\/index.php?rest_route=%2Fwp%2Fv2%2Fcomments&post=548"}],"version-history":[{"count":41,"href":"https:\/\/www.nicolasferet.com\/index.php?rest_route=\/wp\/v2\/pages\/548\/revisions"}],"predecessor-version":[{"id":1835,"href":"https:\/\/www.nicolasferet.com\/index.php?rest_route=\/wp\/v2\/pages\/548\/revisions\/1835"}],"up":[{"embeddable":true,"href":"https:\/\/www.nicolasferet.com\/index.php?rest_route=\/wp\/v2\/pages\/11"}],"wp:attachment":[{"href":"https:\/\/www.nicolasferet.com\/index.php?rest_route=%2Fwp%2Fv2%2Fmedia&parent=548"}],"curies":[{"name":"wp","href":"https:\/\/api.w.org\/{rel}","templated":true}]}}